{"id":5980,"date":"2023-03-13T09:43:15","date_gmt":"2023-03-13T09:43:15","guid":{"rendered":"https:\/\/www.brunswickrealestate.com\/?page_id=5980"},"modified":"2025-12-04T09:58:33","modified_gmt":"2025-12-04T09:58:33","slug":"integritetsmeddelande","status":"publish","type":"page","link":"https:\/\/www.brunswickrealestate.com\/sv\/integritetsmeddelande\/","title":{"rendered":"Integritetsmeddelande"},"content":{"rendered":"<section id=\"text-block_9023d9b26ca187f61e7495522011124c\" class=\"block text bg-block-default m-b\">\n\t<div class=\"container\">\n        \t\t<div class=\"row\">\n\t\t\t<div class=\"row__col\">\n\t\t\t\t<div class='title-container text-left '><h1 class='block__title h1  underline'>Allm\u00e4nt<\/h1><\/div>\t\t\t<\/div>\n\t\t<\/div>\n                \n                <div class=\"row\">\n            <div class=\"row__col \">\n                <div class=\"text\">\n                    <p>Detta\u00a0<a href=\"https:\/\/www.brunswickrealestate.com\/wp-content\/uploads\/2023\/09\/Brunswick-Real-Estate-General-External-Privacy-Policy-Data-Privacy-Notice-incl.-cookies-section-1-March-2021.pdf\">integritetsmeddelande\u00a0<\/a>(detta \u201cMeddelande\u201d) g\u00e4ller f\u00f6r Brunswick Real Estate AB med dotterbolag samt filialer (\u201cBrunswick\u201d, \u201coss\u201d eller \u201cvi\u201d) n\u00e4r vi behandlar personuppgifter, s\u00e5som namn, telefonnummer och e-postadress, av personer som bes\u00f6ker v\u00e5r webbplats eller kontaktar oss f\u00f6r allm\u00e4nna f\u00f6rfr\u00e5gningar eller f\u00f6r andra syften. Om du \u00e4r en representant f\u00f6r en hyresg\u00e4st, en investerare eller en leverant\u00f6r till oss, kommer du ha f\u00e5tt information separat om hur vi behandlar dina personuppgifter.<\/p>\n<p>Brunswick behandlar personuppgifter i enlighet med till\u00e4mplig lagstiftning, inklusive den allm\u00e4nna dataskyddsf\u00f6rordningen 2016\/679 (\u201cGDPR\u201d).<\/p>\n<p>Vi behandlar dina personuppgifter n\u00e4r du delar dina personuppgifter med oss n\u00e4r du kontaktar Brunswick genom webbplatsen eller om du annars interagerar med oss, s\u00e5som ditt namn, e-postadress, telefonnummer och annan kontaktinformation. Anv\u00e4ndningen av s\u00e5dana personuppgifter kr\u00e4vs f\u00f6r att Brunswick ska kunna besvara dina f\u00f6rfr\u00e5gningar eller f\u00f6r att m\u00f6jligg\u00f6ra f\u00f6r oss att kommunicera med dig. Vi ber dig att aldrig dela med dig av personuppgifter som \u00e4r k\u00e4nsliga.<\/p>\n<p>Du har vissa r\u00e4ttigheter i f\u00f6rh\u00e5llande till hur Brunswick behandlar dina personuppgifter. Dina r\u00e4ttigheter inkluderar r\u00e4tten att:<\/p>\n<ul>\n<li>inv\u00e4nda mot behandlingen av dina personuppgifter;<\/li>\n<li>f\u00e5 tillg\u00e5ng till och beg\u00e4ra r\u00e4ttelse av dina personuppgifter;<\/li>\n<li>beg\u00e4ra att behandlingen av personuppgifterna begr\u00e4nsas;<\/li>\n<li>beg\u00e4ra radering av dina personuppgifter; och<\/li>\n<li>beg\u00e4ra r\u00e4tt till dataportabilitet.<\/li>\n<\/ul>\n<p>&nbsp;<\/p>\n<p>V\u00e4nligen notera att dina r\u00e4ttigheter kan variera beroende behandlingens syfte och v\u00e5r r\u00e4ttsliga grund f\u00f6r behandlingen, till exempel r\u00e4tten att inv\u00e4nda mot behandlingen eller beg\u00e4ra radering av dina personuppgifter. Du kan l\u00e4sa mer om dina r\u00e4ttigheter nedan och om du har n\u00e5gra fr\u00e5gor om dina r\u00e4ttigheter som anges ovan, v\u00e4nligen se hur du kan tillvarata dina r\u00e4ttigheter under punkt 7.<\/p>\n<p>Brunswick kommer att \u00f6verf\u00f6ra dina personuppgifter till tredje parter under vissa lagliga f\u00f6ruts\u00e4ttningar s\u00e5som anges i detta Meddelande, och i vissa fall till ett annat land \u00e4n det land du bor eller arbetar i. Ett s\u00e5dant land kan finnas utanf\u00f6r EU\/EES. V\u00e4nligen se punkterna 5 och 6 f\u00f6r ytterligare information.<\/p>\n<p>Om du har fr\u00e5gor kring hur Brunswick behandlar dina personuppgifter \u00e4r du alltid v\u00e4lkommen att kontakta oss p\u00e5 f\u00f6ljande e-postadress:\u00a0<a href=\"mailto:privacy@brunswickrealestate.com\">privacy@brunswickrealestate.com<\/a><\/p>\n<p>Du har alltid r\u00e4tt att l\u00e4mna in klagom\u00e5l till den beh\u00f6riga dataskyddsmyndigheten om du inte \u00e4r n\u00f6jd med hur vi behandlar dina personuppgifter. V\u00e4nligen se punkt 10 nedan.<br \/>\nDet fullst\u00e4ndiga\u00a0<a href=\"https:\/\/storage.googleapis.com\/brunswick-prod\/2020\/06\/Brunswick-Data-Privacy-Notice-2020-06-17-BRE-Format_0.pdf\" target=\"_blank\" rel=\"noopener\">integritetsmeddelandet<\/a>\u00a0inkluderar f\u00f6ljande punkter:<\/p>\n<ol>\n<li>General<\/li>\n<li>What is \u201cpersonal data\u201d and \u201cprocessing of personal data\u201d?<\/li>\n<li>Personal data processed by Brunswick<\/li>\n<li>How is the personal data processed?<\/li>\n<li>To what categories of third parties will the personal data be disclosed?<\/li>\n<li>To what countries will my personal data be transferred?<\/li>\n<li>What are your rights with regards to your personal data?<\/li>\n<li>How do you make use of your rights?<\/li>\n<li>How will Brunswick act when receiving a request?<\/li>\n<li>What should you do if you have any complaints?<\/li>\n<li>Updates to this Notice<\/li>\n<li>Contact details<\/li>\n<\/ol>\n                <\/div>\n            <\/div>\n        <\/div>\n        \t<\/div>\n<\/section>","protected":false},"excerpt":{"rendered":"","protected":false},"author":1,"featured_media":0,"parent":0,"menu_order":0,"comment_status":"closed","ping_status":"open","template":"","meta":{"_acf_changed":false,"_seopress_robots_primary_cat":"","_seopress_titles_title":"","_seopress_titles_desc":"","_seopress_robots_index":"","inline_featured_image":false,"footnotes":""},"class_list":["post-5980","page","type-page","status-publish","hentry"],"acf":[],"_links":{"self":[{"href":"https:\/\/www.brunswickrealestate.com\/sv\/wp-json\/wp\/v2\/pages\/5980","targetHints":{"allow":["GET"]}}],"collection":[{"href":"https:\/\/www.brunswickrealestate.com\/sv\/wp-json\/wp\/v2\/pages"}],"about":[{"href":"https:\/\/www.brunswickrealestate.com\/sv\/wp-json\/wp\/v2\/types\/page"}],"author":[{"embeddable":true,"href":"https:\/\/www.brunswickrealestate.com\/sv\/wp-json\/wp\/v2\/users\/1"}],"replies":[{"embeddable":true,"href":"https:\/\/www.brunswickrealestate.com\/sv\/wp-json\/wp\/v2\/comments?post=5980"}],"version-history":[{"count":5,"href":"https:\/\/www.brunswickrealestate.com\/sv\/wp-json\/wp\/v2\/pages\/5980\/revisions"}],"predecessor-version":[{"id":7317,"href":"https:\/\/www.brunswickrealestate.com\/sv\/wp-json\/wp\/v2\/pages\/5980\/revisions\/7317"}],"wp:attachment":[{"href":"https:\/\/www.brunswickrealestate.com\/sv\/wp-json\/wp\/v2\/media?parent=5980"}],"curies":[{"name":"wp","href":"https:\/\/api.w.org\/{rel}","templated":true}]}}