{"id":5730,"date":"2023-04-13T11:16:51","date_gmt":"2023-04-13T11:16:51","guid":{"rendered":"https:\/\/www.brunswickrealestate.com\/press-releases\/"},"modified":"2023-04-25T13:47:09","modified_gmt":"2023-04-25T13:47:09","slug":"press-releases","status":"publish","type":"page","link":"https:\/\/www.brunswickrealestate.com\/sv\/press-releases\/","title":{"rendered":"Press releases"},"content":{"rendered":"<section id=\"post-listing-block_4ad4392d8e6869d0ad155b3db61cc89c\" class=\"block post-listing bg-block-default m-b\"\n         data-per-page=\"9\"\n         data-post-type=\"press_release\"\n         data-taxonomy=\"press_release_category\"\n         data-language=\"sv\"\n         data-paged=\"1\"\n>\n    <div class=\"container title-wrap\">\n        <div class=\"row__col\">\n\t\t\t<div class='title-container text-left '><h1 class='block__title h1  underline'>Nyheter<\/h1><\/div>        <\/div>\n    <\/div>\n\n\t        <div class=\"post-list--filters container\">\n            <p>Filtrera efter<\/p>\n            <div class=\"blog-filter__list\">\n                <button class=\"active\" data-filter=\"0\">\n\t\t\t\t\tAlla                <\/button>\n\t\t\t\t                    <button data-category=\"\" data-cision-category=\"15d21dd9\">\n\t\t\t\t\t\tRegio                    <\/button>\n\t\t\t\t                    <button data-category=\"\" data-cision-category=\"f8a0ccca\">\n\t\t\t\t\t\tFersen                    <\/button>\n\t\t\t\t                    <button data-category=\"\" data-cision-category=\"cb2d264d\">\n\t\t\t\t\t\tBohild                    <\/button>\n\t\t\t\t                    <button data-category=\"\" data-cision-category=\"8579bcff\">\n\t\t\t\t\t\tVanda 3                    <\/button>\n\t\t\t\t                    <button data-category=\"\" data-cision-category=\"ee0eb068\">\n\t\t\t\t\t\tKielo                    <\/button>\n\t\t\t\t                    <button data-category=\"\" data-cision-category=\"22bd567d\">\n\t\t\t\t\t\tLindu                    <\/button>\n\t\t\t\t                    <button data-category=\"\" data-cision-category=\"2b38254a\">\n\t\t\t\t\t\tSINDI                    <\/button>\n\t\t\t\t            <\/div>\n        <\/div>\n\t\n\n    <div class=\"container\">\n\t\t            <div class=\"posts-listing\">\n\t\t\t\t<div class=\"posts-listing--item\">\n    \n<article class=\"editor-content\">\n\t<img loading=\"lazy\" decoding=\"async\" width=\"386\" height=\"196\" src=\"https:\/\/www.brunswickrealestate.com\/wp-content\/uploads\/2023\/03\/IMAGE-2.jpg\" class=\"attachment-news-item size-news-item wp-post-image\" alt=\"\" \/>\n    <div class=\"content bg-grey\">\n        <a href=\"https:\/\/www.brunswickrealestate.com\/sv\/press-release\/lynea-ingar-avtal-med-obos-om-forvarv-av-140-nya-smahus-i-vallentuna-och-norrtalje\/\">\n            <div class=\"title\">Lynea ing\u00e5r avtal med OBOS om f\u00f6rv\u00e4rv av 140 nya sm\u00e5hus i Vallentuna och Norrt\u00e4lje<\/div>\n            <div class=\"meta\">\n                <div class=\"category\"><\/div>\n                <div class=\"date\">onsdag 18 mars 2026<\/div>\n            <\/div>\n        <\/a>\n    <\/div>\n<\/article>\n<\/div>\n<div class=\"posts-listing--item\">\n    \n<article class=\"editor-content\">\n\t<img loading=\"lazy\" decoding=\"async\" width=\"386\" height=\"196\" src=\"https:\/\/www.brunswickrealestate.com\/wp-content\/uploads\/2023\/03\/IMAGE-2.jpg\" class=\"attachment-news-item size-news-item wp-post-image\" alt=\"\" \/>\n    <div class=\"content bg-grey\">\n        <a href=\"https:\/\/www.brunswickrealestate.com\/sv\/press-release\/enreal-forvarvar-7-500-kvm-i-sodra-stockholm\/\">\n            <div class=\"title\">Enreal f\u00f6rv\u00e4rvar 7 500 kvm i s\u00f6dra Stockholm<\/div>\n            <div class=\"meta\">\n                <div class=\"category\"><\/div>\n                <div class=\"date\">torsdag 18 december 2025<\/div>\n            <\/div>\n        <\/a>\n    <\/div>\n<\/article>\n<\/div>\n<div class=\"posts-listing--item\">\n    \n<article class=\"editor-content\">\n\t<img loading=\"lazy\" decoding=\"async\" width=\"386\" height=\"196\" src=\"https:\/\/www.brunswickrealestate.com\/wp-content\/uploads\/2023\/03\/IMAGE-2.jpg\" class=\"attachment-news-item size-news-item wp-post-image\" alt=\"\" \/>\n    <div class=\"content bg-grey\">\n        <a href=\"https:\/\/www.brunswickrealestate.com\/sv\/press-release\/lynea-och-eksjohus-bostad-utvecklar-80-hyresradhus-i-storstockholm\/\">\n            <div class=\"title\">Lynea och Eksj\u00f6hus Bostad utvecklar 80 hyresradhus i Storstockholm<\/div>\n            <div class=\"meta\">\n                <div class=\"category\"><\/div>\n                <div class=\"date\">torsdag 27 november 2025<\/div>\n            <\/div>\n        <\/a>\n    <\/div>\n<\/article>\n<\/div>\n<div class=\"posts-listing--item\">\n    \n<article class=\"editor-content\">\n\t<img loading=\"lazy\" decoding=\"async\" width=\"386\" height=\"196\" src=\"https:\/\/www.brunswickrealestate.com\/wp-content\/uploads\/2023\/03\/IMAGE-2.jpg\" class=\"attachment-news-item size-news-item wp-post-image\" alt=\"\" \/>\n    <div class=\"content bg-grey\">\n        <a href=\"https:\/\/www.brunswickrealestate.com\/sv\/press-release\/brunswick-lanserar-lynea-nytt-bostadsbolag-med-over-200-nya-bostader-i-stockholm-och-planer-for-vidare-expansion\/\">\n            <div class=\"title\">Brunswick lanserar Lynea &#8211; nytt bostadsbolag med \u00f6ver 200 nya bost\u00e4der i Stockholm och planer f\u00f6r vidare expansion<\/div>\n            <div class=\"meta\">\n                <div class=\"category\"><\/div>\n                <div class=\"date\">tisdag 21 oktober 2025<\/div>\n            <\/div>\n        <\/a>\n    <\/div>\n<\/article>\n<\/div>\n<div class=\"posts-listing--item\">\n    \n<article class=\"editor-content\">\n\t<img loading=\"lazy\" decoding=\"async\" width=\"386\" height=\"196\" src=\"https:\/\/www.brunswickrealestate.com\/wp-content\/uploads\/2023\/03\/IMAGE-2.jpg\" class=\"attachment-news-item size-news-item wp-post-image\" alt=\"\" \/>\n    <div class=\"content bg-grey\">\n        <a href=\"https:\/\/www.brunswickrealestate.com\/sv\/press-release\/sindi-mojliggor-hallbarhetslankad-finansiering-genom-kvalitetssakrad-data\/\">\n            <div class=\"title\">SINDI m\u00f6jligg\u00f6r h\u00e5llbarhetsl\u00e4nkad finansiering genom kvalitetss\u00e4krad data<\/div>\n            <div class=\"meta\">\n                <div class=\"category\">Nyheter, Pressmeddelanden<\/div>\n                <div class=\"date\">tisdag 30 september 2025<\/div>\n            <\/div>\n        <\/a>\n    <\/div>\n<\/article>\n<\/div>\n<div class=\"posts-listing--item\">\n    \n<article class=\"editor-content\">\n\t<img loading=\"lazy\" decoding=\"async\" width=\"386\" height=\"196\" src=\"https:\/\/www.brunswickrealestate.com\/wp-content\/uploads\/2023\/03\/IMAGE-2.jpg\" class=\"attachment-news-item size-news-item wp-post-image\" alt=\"\" \/>\n    <div class=\"content bg-grey\">\n        <a href=\"https:\/\/www.brunswickrealestate.com\/sv\/press-release\/brunswick-och-trs-lanserar-enreal-en-plattform-for-last-mile-fastigheter-i-sverige\/\">\n            <div class=\"title\">Brunswick och TRS lanserar Enreal \u2013 en plattform f\u00f6r last mile-fastigheter i Sverige<\/div>\n            <div class=\"meta\">\n                <div class=\"category\"><\/div>\n                <div class=\"date\">onsdag 27 augusti 2025<\/div>\n            <\/div>\n        <\/a>\n    <\/div>\n<\/article>\n<\/div>\n<div class=\"posts-listing--item\">\n    \n<article class=\"editor-content\">\n\t<img loading=\"lazy\" decoding=\"async\" width=\"386\" height=\"196\" src=\"https:\/\/www.brunswickrealestate.com\/wp-content\/uploads\/2023\/03\/IMAGE-2.jpg\" class=\"attachment-news-item size-news-item wp-post-image\" alt=\"\" \/>\n    <div class=\"content bg-grey\">\n        <a href=\"https:\/\/www.brunswickrealestate.com\/sv\/press-release\/pictet-alternative-advisors-och-brunswick-real-estate-utokar-portfoljen-med-last-mile-forvarv-i-brondby\/\">\n            <div class=\"title\">Pictet Alternative Advisors och Brunswick Real Estate ut\u00f6kar portf\u00f6ljen med last mile-f\u00f6rv\u00e4rv i Br\u00f8ndby<\/div>\n            <div class=\"meta\">\n                <div class=\"category\"><\/div>\n                <div class=\"date\">onsdag 02 juli 2025<\/div>\n            <\/div>\n        <\/a>\n    <\/div>\n<\/article>\n<\/div>\n<div class=\"posts-listing--item\">\n    \n<article class=\"editor-content\">\n\t<img loading=\"lazy\" decoding=\"async\" width=\"386\" height=\"196\" src=\"https:\/\/www.brunswickrealestate.com\/wp-content\/uploads\/2023\/03\/IMAGE-2.jpg\" class=\"attachment-news-item size-news-item wp-post-image\" alt=\"\" \/>\n    <div class=\"content bg-grey\">\n        <a href=\"https:\/\/www.brunswickrealestate.com\/sv\/press-release\/fastighetsloggen-utokar-sina-esg-losningar-med-nytt-socialt-riskverktyg-i-samarbete-med-sindi\/\">\n            <div class=\"title\">Fastighetsloggen ut\u00f6kar sina ESG-l\u00f6sningar med nytt socialt riskverktyg i samarbete med SINDI<\/div>\n            <div class=\"meta\">\n                <div class=\"category\">Nyheter, Pressmeddelanden<\/div>\n                <div class=\"date\">m\u00e5ndag 23 juni 2025<\/div>\n            <\/div>\n        <\/a>\n    <\/div>\n<\/article>\n<\/div>\n<div class=\"posts-listing--item\">\n    \n<article class=\"editor-content\">\n\t<img loading=\"lazy\" decoding=\"async\" width=\"386\" height=\"196\" src=\"https:\/\/www.brunswickrealestate.com\/wp-content\/uploads\/2023\/03\/IMAGE-2.jpg\" class=\"attachment-news-item size-news-item wp-post-image\" alt=\"\" \/>\n    <div class=\"content bg-grey\">\n        <a href=\"https:\/\/www.brunswickrealestate.com\/sv\/press-release\/sindi-och-centrum-for-amp-i-partnerskap-for-att-aktivera-framtidens-offentliga-platser\/\">\n            <div class=\"title\">SINDI och Centrum f\u00f6r AMP i partnerskap f\u00f6r att aktivera framtidens offentliga platser<\/div>\n            <div class=\"meta\">\n                <div class=\"category\">Nyheter, Pressmeddelanden<\/div>\n                <div class=\"date\">onsdag 11 juni 2025<\/div>\n            <\/div>\n        <\/a>\n    <\/div>\n<\/article>\n<\/div>\n\t            <\/div>\n\t\t\n        <div class=\"row read-more\">\n            <div class=\"row__col\">\n                <a href=\"#\" class=\"btn btn-primary read-more\" data-toggle-text=\"Hide\">\n\t\t\t\t\tLadda mer                <\/a>\n            <\/div>\n        <\/div>\n    <\/div>\n<\/section>","protected":false},"excerpt":{"rendered":"","protected":false},"author":1,"featured_media":0,"parent":0,"menu_order":0,"comment_status":"closed","ping_status":"closed","template":"","meta":{"_acf_changed":false,"_seopress_robots_primary_cat":"","_seopress_titles_title":"","_seopress_titles_desc":"","_seopress_robots_index":"","inline_featured_image":false,"footnotes":""},"class_list":["post-5730","page","type-page","status-publish","hentry"],"acf":[],"_links":{"self":[{"href":"https:\/\/www.brunswickrealestate.com\/sv\/wp-json\/wp\/v2\/pages\/5730","targetHints":{"allow":["GET"]}}],"collection":[{"href":"https:\/\/www.brunswickrealestate.com\/sv\/wp-json\/wp\/v2\/pages"}],"about":[{"href":"https:\/\/www.brunswickrealestate.com\/sv\/wp-json\/wp\/v2\/types\/page"}],"author":[{"embeddable":true,"href":"https:\/\/www.brunswickrealestate.com\/sv\/wp-json\/wp\/v2\/users\/1"}],"replies":[{"embeddable":true,"href":"https:\/\/www.brunswickrealestate.com\/sv\/wp-json\/wp\/v2\/comments?post=5730"}],"version-history":[{"count":2,"href":"https:\/\/www.brunswickrealestate.com\/sv\/wp-json\/wp\/v2\/pages\/5730\/revisions"}],"predecessor-version":[{"id":5732,"href":"https:\/\/www.brunswickrealestate.com\/sv\/wp-json\/wp\/v2\/pages\/5730\/revisions\/5732"}],"wp:attachment":[{"href":"https:\/\/www.brunswickrealestate.com\/sv\/wp-json\/wp\/v2\/media?parent=5730"}],"curies":[{"name":"wp","href":"https:\/\/api.w.org\/{rel}","templated":true}]}}