{"id":5667,"date":"2023-04-03T12:18:09","date_gmt":"2023-04-03T12:18:09","guid":{"rendered":"https:\/\/www.brunswickrealestate.com\/?page_id=5667"},"modified":"2023-09-18T09:18:15","modified_gmt":"2023-09-18T09:18:15","slug":"visselblasarfunktion","status":"publish","type":"page","link":"https:\/\/www.brunswickrealestate.com\/sv\/visselblasarfunktion\/","title":{"rendered":"Visselbl\u00e5sarfunktion"},"content":{"rendered":"<section id=\"whistleblower-block_749568918faea61cc001c35b2a1a9dec\" class=\"block whistleblower bg-transparent m-b\">\n\t<div class=\"container\">\n\t\t<div class=\"row no-gutters\">\n            <div class=\"row__col title\">\n                <div class=\"row no-gutters\">\n                    <div class=\"row__col row__col--md-8\">\n                        <div class='title-container text-left '><h1 class='block__title h1  '>Visselbl\u00e5sarfunktion<\/h1><\/div>                    <\/div>\n                <\/div>\n            <\/div>\n        <\/div>\n\n        <div class=\"row\">\n            <div class=\"row__col row__col--md-8\">\n                <p class=\"intro-paragraph\">Vi v\u00e4rdes\u00e4tter god corporate governance och v\u00e4rnar om v\u00e5r, och v\u00e5ra medarbetares integritet. D\u00e4rf\u00f6r har vi en visselbl\u00e5sfunktion d\u00e4r vem som helst kan rapportera en incident eller h\u00e4ndelse som strider emot v\u00e5ra grundv\u00e4rderingar. \u00c4rendena hanteras av tredje part<\/p>            <\/div>\n        <\/div>\n\n\t\t<div class=\"row\">\n\t\t\t<div class=\"row__col row__col--md-6\">\n\t\t\t\t<div class=\"content\"><p><strong>Brunswicks visselbl\u00e5sartj\u00e4nst m\u00f6jligg\u00f6r anonym rapportering av incidenter eller orosmoln kopplat till:<\/strong><\/p>\n<ul>\n<li>Lagbrott<\/li>\n<li>Tj\u00e4nstefel<\/li>\n<li>Brott mot Brunswicks v\u00e4rderingar<\/li>\n<li>Etiska eller moraliska \u00e4renden<\/li>\n<\/ul>\n<p>Alla rapporteringar hanteras och \u00e4r utredda av en oberoende tredjepart som skyddar samtliga parters integritet och s\u00e4kerst\u00e4ller en r\u00e4ttvis hantering.<\/p>\n<\/div>\t\t\t<\/div>\n\t\t\t<div class=\"row__col row__col--md-6\">\n                                    <h4 class=\"h3\">H\u00e4r rapporterar du ditt \u00e4rende:<\/h3>\n                    <div class=\"jumpto-container\"><div class=\"row no-gutters\"><div class=\"row__col jumpto\"><a target=\"_blank\" class=\"inner bg-light-blue\" href=\"https:\/\/wb.2secure.se\/wbui\/\">Rapportera nytt \u00e4rende<img decoding=\"async\" src=\"https:\/\/www.brunswickrealestate.com\/wp-content\/themes\/brunswick\/dist\/img\/arrow-right.svg\"><\/a><\/div><\/div><\/div><p class=\"button-description\">Anv\u00e4nd f\u00f6retagskoden cba364<\/p>\t\t\t<\/div>\n\t\t<\/div>\n\t<\/div>\n<\/section>","protected":false},"excerpt":{"rendered":"","protected":false},"author":1,"featured_media":0,"parent":0,"menu_order":0,"comment_status":"closed","ping_status":"closed","template":"","meta":{"_acf_changed":false,"_seopress_robots_primary_cat":"","_seopress_titles_title":"","_seopress_titles_desc":"","_seopress_robots_index":"","inline_featured_image":false,"footnotes":""},"class_list":["post-5667","page","type-page","status-publish","hentry"],"acf":[],"_links":{"self":[{"href":"https:\/\/www.brunswickrealestate.com\/sv\/wp-json\/wp\/v2\/pages\/5667","targetHints":{"allow":["GET"]}}],"collection":[{"href":"https:\/\/www.brunswickrealestate.com\/sv\/wp-json\/wp\/v2\/pages"}],"about":[{"href":"https:\/\/www.brunswickrealestate.com\/sv\/wp-json\/wp\/v2\/types\/page"}],"author":[{"embeddable":true,"href":"https:\/\/www.brunswickrealestate.com\/sv\/wp-json\/wp\/v2\/users\/1"}],"replies":[{"embeddable":true,"href":"https:\/\/www.brunswickrealestate.com\/sv\/wp-json\/wp\/v2\/comments?post=5667"}],"version-history":[{"count":11,"href":"https:\/\/www.brunswickrealestate.com\/sv\/wp-json\/wp\/v2\/pages\/5667\/revisions"}],"predecessor-version":[{"id":6723,"href":"https:\/\/www.brunswickrealestate.com\/sv\/wp-json\/wp\/v2\/pages\/5667\/revisions\/6723"}],"wp:attachment":[{"href":"https:\/\/www.brunswickrealestate.com\/sv\/wp-json\/wp\/v2\/media?parent=5667"}],"curies":[{"name":"wp","href":"https:\/\/api.w.org\/{rel}","templated":true}]}}