{"id":5661,"date":"2023-03-23T08:48:55","date_gmt":"2023-03-23T08:48:55","guid":{"rendered":"https:\/\/www.brunswickrealestate.com\/contact\/"},"modified":"2025-09-24T20:25:43","modified_gmt":"2025-09-24T20:25:43","slug":"kontakt","status":"publish","type":"page","link":"https:\/\/www.brunswickrealestate.com\/sv\/kontakt\/","title":{"rendered":""},"content":{"rendered":"<section id=\"secondary-page-header-block_28ad38d73051e7fce9020dca6c97688f\" class=\"block secondary-page-header bg-transparent m-b\" >\n\t<div class=\"container\">\n\t\t<div class=\"row\">\n\t\t\t<div class=\"row__col row__col--md-6\">\n\t\t\t\t<div class='title-container text-left '><h1 class='block__title h1  '>Kontakt<\/h1><\/div>\n\t\t\t\t\t\t\t<\/div>\n\t\t<\/div>\n\t<\/div>\n<\/section>\n\n<section id=\"employees-search-block_cb1e9dda0313b1160fb73da11bd221e0\" class=\"block employees-search bg-grey m-b p-t p-b\">\n\t<div class=\"container\">\n\t\t<div class=\"row\">\n\t\t\t<div class=\"row__col\">\n\t\t\t\t<div class='title-container text-left '><h2 class='block__title h2  underline'>S\u00f6k efter anst\u00e4llda<\/h2><\/div>\t\t\t<\/div>\n\n\t\t\t<div class=\"row__col employees-search-form\">\n\t\t\t\t<form data-url=\"https:\/\/www.brunswickrealestate.com\/sv\/wp-json\/brunswick\/v1\/employees_search\" data-method=\"GET\">\n\t\t\t\t\t<div class=\"text-input text-input--search\">\n                        <label for=\"employees-search\">S\u00f6k efter anst\u00e4llda<\/label>\n                        <input class=\"search\" type=\"text\" id=\"employees-search\" name=\"search\"\n                               placeholder=\"S\u00f6k\"\n                               value=\"\"\/>\n\t\t\t\t\t\t<i class=\"far fa-search\"><\/i>\n                    <\/div>\n\t\t\t\t<\/form>\n\t\t\t<\/div>\n\n\t\t\t<div class=\"row__col search-results hidden\" data-loading=\"0\" data-last-search=\"\" data-loading-text=\"Laddar...\">\n\t\t\t<\/div>\n\t\t<\/div>\n\t<\/div>\n<\/section>\n\n<section id=\"7278\" class=\"block employees-listing bg-transparent m-b\">\n\t<div class=\"container\">\n\t\t<div class=\"row\">\n\t\t\t<div class=\"row__col\">\n\t\t\t\t<div class='title-container text-left '><h2 class='block__title h2  underline'>Kontaktpersoner<\/h2><\/div>\t\t\t<\/div>\n\t\t\t\t\t\t\t<div class=\"row__col employees-list\">\n\t\t\t\t\t\t\t\t\t\t\t<div class=\"employees-item\">\n    <div class=\"employees-item--inner bg-purple\">\n        <div class=\"top\">\n            <img loading=\"lazy\" decoding=\"async\" width=\"75\" height=\"75\" src=\"https:\/\/www.brunswickrealestate.com\/wp-content\/uploads\/2023\/04\/DSC_4532-150x150.jpg\" class=\"attachment-75x75 size-75x75 wp-post-image\" alt=\"\" srcset=\"https:\/\/www.brunswickrealestate.com\/wp-content\/uploads\/2023\/04\/DSC_4532-150x150.jpg 150w, https:\/\/www.brunswickrealestate.com\/wp-content\/uploads\/2023\/04\/DSC_4532-1536x1536.jpg 1536w, https:\/\/www.brunswickrealestate.com\/wp-content\/uploads\/2023\/04\/DSC_4532-2048x2048.jpg 2048w\" sizes=\"auto, (max-width: 75px) 100vw, 75px\" \/>            <div class=\"name\">Patrik Andersson<\/div>\n        <\/div>\n\n        <div class=\"job\">Partner &#038; Group CEO<\/div>\n        <div class=\"email\"><a href=\"mailto:patrik.andersson@brunswickrealestate.com\">patrik.andersson@brunswickrealestate.com<\/a><\/div>\n        <div class=\"phone\"><a href=\"tel: +46 76 871 00 22\">+46 76 871 00 22<\/a><\/div>\n    <\/div>\n<\/div>\t\t\t\t\t\t\t\t\t\t\t<div class=\"employees-item\">\n    <div class=\"employees-item--inner bg-purple\">\n        <div class=\"top\">\n            <img loading=\"lazy\" decoding=\"async\" width=\"75\" height=\"75\" src=\"https:\/\/www.brunswickrealestate.com\/wp-content\/uploads\/2023\/04\/DSC_5181-150x150.jpg\" class=\"attachment-75x75 size-75x75 wp-post-image\" alt=\"\" srcset=\"https:\/\/www.brunswickrealestate.com\/wp-content\/uploads\/2023\/04\/DSC_5181-150x150.jpg 150w, https:\/\/www.brunswickrealestate.com\/wp-content\/uploads\/2023\/04\/DSC_5181-1536x1536.jpg 1536w, https:\/\/www.brunswickrealestate.com\/wp-content\/uploads\/2023\/04\/DSC_5181-2048x2048.jpg 2048w\" sizes=\"auto, (max-width: 75px) 100vw, 75px\" \/>            <div class=\"name\">David H\u00e4vermark<\/div>\n        <\/div>\n\n        <div class=\"job\">Partner &#038; Head of Nordics<\/div>\n        <div class=\"email\"><a href=\"mailto:david.havermark@brunswickrealestate.com\">david.havermark@brunswickrealestate.com<\/a><\/div>\n        <div class=\"phone\"><a href=\"tel: +46 70 388 75 16\">+46 70 388 75 16<\/a><\/div>\n    <\/div>\n<\/div>\t\t\t\t\t\t\t\t\t\t\t<div class=\"employees-item\">\n    <div class=\"employees-item--inner bg-purple\">\n        <div class=\"top\">\n            <img loading=\"lazy\" decoding=\"async\" width=\"75\" height=\"75\" src=\"https:\/\/www.brunswickrealestate.com\/wp-content\/uploads\/2025\/09\/DSC_4517-1-150x150.jpg\" class=\"attachment-75x75 size-75x75 wp-post-image\" alt=\"\" srcset=\"https:\/\/www.brunswickrealestate.com\/wp-content\/uploads\/2025\/09\/DSC_4517-1-150x150.jpg 150w, https:\/\/www.brunswickrealestate.com\/wp-content\/uploads\/2025\/09\/DSC_4517-1-1536x1536.jpg 1536w, https:\/\/www.brunswickrealestate.com\/wp-content\/uploads\/2025\/09\/DSC_4517-1-2048x2048.jpg 2048w\" sizes=\"auto, (max-width: 75px) 100vw, 75px\" \/>            <div class=\"name\">Rory Allan<\/div>\n        <\/div>\n\n        <div class=\"job\">CEO, Continental Europe &#038; UK<\/div>\n        <div class=\"email\"><a href=\"mailto:rory.allan@brunswickrealestate.com\">rory.allan@brunswickrealestate.com<\/a><\/div>\n        <div class=\"phone\"><a href=\"tel: +44 780 910 97 14\">+44 780 910 97 14<\/a><\/div>\n    <\/div>\n<\/div>\t\t\t\t\t\t\t\t\t<\/div>\n\t\t\t\t\t<\/div>\n\t<\/div>\n<\/section>\n\n<section id=\"4002\" class=\"block employees-listing bg-transparent m-b\">\n\t<div class=\"container\">\n\t\t<div class=\"row\">\n\t\t\t<div class=\"row__col\">\n\t\t\t\t<div class='title-container text-left '><h2 class='block__title h2  underline'>VD f\u00f6r v\u00e5ra bolag och landschefer<\/h2><\/div>\t\t\t<\/div>\n\t\t\t\t\t\t\t<div class=\"row__col employees-list\">\n\t\t\t\t\t\t\t\t\t\t\t<div class=\"employees-item\">\n    <div class=\"employees-item--inner bg-dark-purple\">\n        <div class=\"top\">\n            <img loading=\"lazy\" decoding=\"async\" width=\"75\" height=\"75\" src=\"https:\/\/www.brunswickrealestate.com\/wp-content\/uploads\/2024\/09\/Poyan-Katebi-2-150x150.jpg\" class=\"attachment-75x75 size-75x75 wp-post-image\" alt=\"\" srcset=\"https:\/\/www.brunswickrealestate.com\/wp-content\/uploads\/2024\/09\/Poyan-Katebi-2-150x150.jpg 150w, https:\/\/www.brunswickrealestate.com\/wp-content\/uploads\/2024\/09\/Poyan-Katebi-2-1536x1536.jpg 1536w, https:\/\/www.brunswickrealestate.com\/wp-content\/uploads\/2024\/09\/Poyan-Katebi-2-2048x2048.jpg 2048w\" sizes=\"auto, (max-width: 75px) 100vw, 75px\" \/>            <div class=\"name\">Poyan Katebi<\/div>\n        <\/div>\n\n        <div class=\"job\">VD SINDI<\/div>\n        <div class=\"email\"><a href=\"mailto:poyan@socialindexforimprovement.com\">poyan@socialindexforimprovement.com<\/a><\/div>\n        <div class=\"phone\"><a href=\"tel: +46 73 534 51 87\">+46 73 534 51 87<\/a><\/div>\n    <\/div>\n<\/div>\t\t\t\t\t\t\t\t\t\t\t<div class=\"employees-item\">\n    <div class=\"employees-item--inner bg-dark-purple\">\n        <div class=\"top\">\n            <img loading=\"lazy\" decoding=\"async\" width=\"75\" height=\"75\" src=\"https:\/\/www.brunswickrealestate.com\/wp-content\/uploads\/2025\/08\/Albin-150x150.jpg\" class=\"attachment-75x75 size-75x75 wp-post-image\" alt=\"\" \/>            <div class=\"name\">Albin \u00d6stmarck<\/div>\n        <\/div>\n\n        <div class=\"job\">VD Enreal<\/div>\n        <div class=\"email\"><a href=\"mailto:albin@enreal.se\">albin@enreal.se<\/a><\/div>\n        <div class=\"phone\"><a href=\"tel: +46 73 062 28 79\">+46 73 062 28 79<\/a><\/div>\n    <\/div>\n<\/div>\t\t\t\t\t\t\t\t\t\t\t<div class=\"employees-item\">\n    <div class=\"employees-item--inner bg-dark-purple\">\n        <div class=\"top\">\n            <img loading=\"lazy\" decoding=\"async\" width=\"75\" height=\"75\" src=\"https:\/\/www.brunswickrealestate.com\/wp-content\/uploads\/2023\/04\/DSC_5079-150x150.jpg\" class=\"attachment-75x75 size-75x75 wp-post-image\" alt=\"\" srcset=\"https:\/\/www.brunswickrealestate.com\/wp-content\/uploads\/2023\/04\/DSC_5079-150x150.jpg 150w, https:\/\/www.brunswickrealestate.com\/wp-content\/uploads\/2023\/04\/DSC_5079-1536x1536.jpg 1536w, https:\/\/www.brunswickrealestate.com\/wp-content\/uploads\/2023\/04\/DSC_5079-2048x2048.jpg 2048w\" sizes=\"auto, (max-width: 75px) 100vw, 75px\" \/>            <div class=\"name\">Filip Gustavsson<\/div>\n        <\/div>\n\n        <div class=\"job\">Partner \/ VD Bohild<\/div>\n        <div class=\"email\"><a href=\"mailto:filip.gustavsson@brunswickrealestate.com\">filip.gustavsson@brunswickrealestate.com<\/a><\/div>\n        <div class=\"phone\"><a href=\"tel: +46 72 520 13 55\">+46 72 520 13 55<\/a><\/div>\n    <\/div>\n<\/div>\t\t\t\t\t\t\t\t\t\t\t<div class=\"employees-item\">\n    <div class=\"employees-item--inner bg-dark-purple\">\n        <div class=\"top\">\n            <img loading=\"lazy\" decoding=\"async\" width=\"75\" height=\"75\" src=\"https:\/\/www.brunswickrealestate.com\/wp-content\/uploads\/2023\/04\/DSC_4649-150x150.jpg\" class=\"attachment-75x75 size-75x75 wp-post-image\" alt=\"\" srcset=\"https:\/\/www.brunswickrealestate.com\/wp-content\/uploads\/2023\/04\/DSC_4649-150x150.jpg 150w, https:\/\/www.brunswickrealestate.com\/wp-content\/uploads\/2023\/04\/DSC_4649-1536x1536.jpg 1536w, https:\/\/www.brunswickrealestate.com\/wp-content\/uploads\/2023\/04\/DSC_4649-2048x2048.jpg 2048w\" sizes=\"auto, (max-width: 75px) 100vw, 75px\" \/>            <div class=\"name\">Anthony Romano<\/div>\n        <\/div>\n\n        <div class=\"job\">Partner \/ VD Lindu \/ Head of Denmark<\/div>\n        <div class=\"email\"><a href=\"mailto:anthony.romano@brunswickrealestate.com\">anthony.romano@brunswickrealestate.com<\/a><\/div>\n        <div class=\"phone\"><a href=\"tel: +46 73 059 2710\">+46 73 059 2710<\/a><\/div>\n    <\/div>\n<\/div>\t\t\t\t\t\t\t\t\t\t\t<div class=\"employees-item\">\n    <div class=\"employees-item--inner bg-dark-purple\">\n        <div class=\"top\">\n            <img loading=\"lazy\" decoding=\"async\" width=\"75\" height=\"75\" src=\"https:\/\/www.brunswickrealestate.com\/wp-content\/uploads\/2023\/04\/DSC_5010-150x150.jpg\" class=\"attachment-75x75 size-75x75 wp-post-image\" alt=\"\" srcset=\"https:\/\/www.brunswickrealestate.com\/wp-content\/uploads\/2023\/04\/DSC_5010-150x150.jpg 150w, https:\/\/www.brunswickrealestate.com\/wp-content\/uploads\/2023\/04\/DSC_5010-1536x1536.jpg 1536w, https:\/\/www.brunswickrealestate.com\/wp-content\/uploads\/2023\/04\/DSC_5010-2048x2048.jpg 2048w\" sizes=\"auto, (max-width: 75px) 100vw, 75px\" \/>            <div class=\"name\">Josefin Bergholtz<\/div>\n        <\/div>\n\n        <div class=\"job\">Partner \/ VD Lynea<\/div>\n        <div class=\"email\"><a href=\"mailto:josefin.bergholtz@brunswickrealestate.com\">josefin.bergholtz@brunswickrealestate.com<\/a><\/div>\n        <div class=\"phone\"><a href=\"tel: +46 72 213 61 84\">+46 72 213 61 84<\/a><\/div>\n    <\/div>\n<\/div>\t\t\t\t\t\t\t\t\t\t\t<div class=\"employees-item\">\n    <div class=\"employees-item--inner bg-dark-purple\">\n        <div class=\"top\">\n            <img loading=\"lazy\" decoding=\"async\" width=\"75\" height=\"75\" src=\"https:\/\/www.brunswickrealestate.com\/wp-content\/uploads\/2023\/04\/DSC_4705-150x150.jpg\" class=\"attachment-75x75 size-75x75 wp-post-image\" alt=\"\" srcset=\"https:\/\/www.brunswickrealestate.com\/wp-content\/uploads\/2023\/04\/DSC_4705-150x150.jpg 150w, https:\/\/www.brunswickrealestate.com\/wp-content\/uploads\/2023\/04\/DSC_4705-1536x1536.jpg 1536w, https:\/\/www.brunswickrealestate.com\/wp-content\/uploads\/2023\/04\/DSC_4705-2048x2048.jpg 2048w\" sizes=\"auto, (max-width: 75px) 100vw, 75px\" \/>            <div class=\"name\">Mathias Vuorelma<\/div>\n        <\/div>\n\n        <div class=\"job\">Partner \/ Head of Finland<\/div>\n        <div class=\"email\"><a href=\"mailto:mathias.vuorelma@brunswickrealestate.com\">mathias.vuorelma@brunswickrealestate.com<\/a><\/div>\n        <div class=\"phone\"><a href=\"tel: +358 40 8239 823\">+358 40 8239 823<\/a><\/div>\n    <\/div>\n<\/div>\t\t\t\t\t\t\t\t\t<\/div>\n\t\t\t\t\t<\/div>\n\t<\/div>\n<\/section>\n\n<section id=\"whistleblower-block_38464fa40c84a368abd5dc1fd593755f\" class=\"block whistleblower bg-transparent m-b\">\n\t<div class=\"container\">\n\t\t<div class=\"row no-gutters\">\n            <div class=\"row__col title\">\n                <div class=\"row no-gutters\">\n                    <div class=\"row__col row__col--md-8\">\n                        <div class='title-container text-left '><h2 class='block__title h2  '>Visselbl\u00e5sarfunktion<\/h2><\/div>                    <\/div>\n                <\/div>\n            <\/div>\n        <\/div>\n\n        <div class=\"row\">\n            <div class=\"row__col row__col--md-8\">\n                <p class=\"intro-paragraph\">Vi v\u00e4rdes\u00e4tter god corporate governance och v\u00e4rnar om v\u00e5r, och v\u00e5ra medarbetares integritet. D\u00e4rf\u00f6r har vi en visselbl\u00e5sfunktion d\u00e4r vem som helst kan rapportera en incident eller h\u00e4ndelse som strider emot v\u00e5ra grundv\u00e4rderingar. \u00c4rendena hanteras av tredje part<\/p>            <\/div>\n        <\/div>\n\n\t\t<div class=\"row\">\n\t\t\t<div class=\"row__col row__col--md-6\">\n\t\t\t\t\t\t\t<\/div>\n\t\t\t<div class=\"row__col row__col--md-6\">\n                <div class=\"jumpto-container\"><div class=\"row no-gutters\"><div class=\"row__col jumpto\"><a class=\"inner bg-light-blue\" href=\"https:\/\/www.brunswickrealestate.com\/sv\/visselblasarfunktion\/\">Till v\u00e5r visselbl\u00e5sarfunktion<img decoding=\"async\" src=\"https:\/\/www.brunswickrealestate.com\/wp-content\/themes\/brunswick\/dist\/img\/arrow-right.svg\"><\/a><\/div><\/div><\/div>\t\t\t<\/div>\n\t\t<\/div>\n\t<\/div>\n<\/section>\n\n<section id=\"full-width-map-block_39680ea4bc50680e3a51e7ffd7b6d8d5\" class=\"block full-width-map bg-transparent m-b\">\n\t<div class=\"container container--100\">\n\t\t<div class=\"row no-gutters\">\n\t\t\t<div class=\"row__col\">\n\t\t\t\t<div class=\"hidden locations\">\n\t\t\t\t\t\t\t\t\t\t\t\t\t\t\t\t\t\t<input type=\"hidden\" name=\"location[]\" value=\"Stockholm\" data-lng=\"18.0686\" data-lat=\"59.3293\">\n\t\t\t\t\t\t\t\t\t\t\t\t\t<input type=\"hidden\" name=\"location[]\" value=\"Copenhagen\" data-lng=\"12.5683\" data-lat=\"55.6761\">\n\t\t\t\t\t\t\t\t\t\t\t\t\t<input type=\"hidden\" name=\"location[]\" value=\"Helsinki\" data-lng=\"24.9384\" data-lat=\"60.1699\">\n\t\t\t\t\t\t\t\t\t\t\t\t\t<input type=\"hidden\" name=\"location[]\" value=\"London\" data-lng=\"-0.120579\" data-lat=\"51.510844\">\n\t\t\t\t\t\t\t\n\t\t\t\t\t\t\t\t\t<\/div>\n\t\t\t\t<div id=\"map\"><\/div>\n\t\t\t<\/div>\n\t\t<\/div>\n\t<\/div>\n<\/section>\n\n<section id=\"locations-block_9abab864139e40947f60ae1012eb1eea\" class=\"block locations bg-transparent m-b\">\n\t<div class=\"container\">\n\t\t\t\t\t<div class=\"row\">\n\t\t\t\t\t\t\t\t\t<div class=\"row__col\">\n\t\t\t\t\t\t\t\t\t\t\t\t<div class=\"title-container\">\n\t\t\t\t\t\t\t<h2>Stockholm<\/h2>\n\t\t\t\t\t\t<\/div>\n\t\t\t\t\t\t<div class=\"content\"><p>Brunnsgatan 2<br \/>\nSE-111 38 Stockholm, Sverige<\/p>\n<p>Postadress:<br \/>\nBox 3693<br \/>\nSE-103 59 Stockholm, Sverige<\/p>\n<\/div>\n\t\t\t\t\t\t<div class=\"phone\">\n\t\t\t\t\t\t\t+46 8 545 075 00\t\t\t\t\t\t<\/div>\n\t\t\t\t\t<\/div>\n\t\t\t\t\t\t\t\t\t<div class=\"row__col\">\n\t\t\t\t\t\t\t\t\t\t\t\t<div class=\"title-container\">\n\t\t\t\t\t\t\t<h2>Helsingfors<\/h2>\n\t\t\t\t\t\t<\/div>\n\t\t\t\t\t\t<div class=\"content\"><p>Mikonkatu 9 (epicenter, 3<sup>rd<\/sup> floor)<br \/>\nFI-001 00 Helsinki<\/p>\n<\/div>\n\t\t\t\t\t\t<div class=\"phone\">\n\t\t\t\t\t\t\t\t\t\t\t\t\t<\/div>\n\t\t\t\t\t<\/div>\n\t\t\t\t\t\t\t\t\t<div class=\"row__col\">\n\t\t\t\t\t\t\t\t\t\t\t\t<div class=\"title-container\">\n\t\t\t\t\t\t\t<h2>K\u00f6penhamn<\/h2>\n\t\t\t\t\t\t<\/div>\n\t\t\t\t\t\t<div class=\"content\"><p>\u00d8stergade 4<br \/>\nDK-1100 K\u00f6penhamn, Danmark<\/p>\n<\/div>\n\t\t\t\t\t\t<div class=\"phone\">\n\t\t\t\t\t\t\t+46 73 059 27 10\t\t\t\t\t\t<\/div>\n\t\t\t\t\t<\/div>\n\t\t\t\t\t\t\t\t\t<div class=\"row__col\">\n\t\t\t\t\t\t\t\t\t\t\t\t<div class=\"title-container\">\n\t\t\t\t\t\t\t<h2>London<\/h2>\n\t\t\t\t\t\t<\/div>\n\t\t\t\t\t\t\n\t\t\t\t\t\t<div class=\"phone\">\n\t\t\t\t\t\t\t+44 780 910 97 14\t\t\t\t\t\t<\/div>\n\t\t\t\t\t<\/div>\n\t\t\t\t\t\n\t\t\t<\/div>\n\t\t\t\n\t<\/div>\n<\/section>","protected":false},"excerpt":{"rendered":"","protected":false},"author":1,"featured_media":44,"parent":0,"menu_order":0,"comment_status":"closed","ping_status":"closed","template":"","meta":{"_acf_changed":false,"_seopress_robots_primary_cat":"","_seopress_titles_title":"","_seopress_titles_desc":"","_seopress_robots_index":"","inline_featured_image":false,"footnotes":""},"class_list":["post-5661","page","type-page","status-publish","has-post-thumbnail","hentry"],"acf":[],"_links":{"self":[{"href":"https:\/\/www.brunswickrealestate.com\/sv\/wp-json\/wp\/v2\/pages\/5661","targetHints":{"allow":["GET"]}}],"collection":[{"href":"https:\/\/www.brunswickrealestate.com\/sv\/wp-json\/wp\/v2\/pages"}],"about":[{"href":"https:\/\/www.brunswickrealestate.com\/sv\/wp-json\/wp\/v2\/types\/page"}],"author":[{"embeddable":true,"href":"https:\/\/www.brunswickrealestate.com\/sv\/wp-json\/wp\/v2\/users\/1"}],"replies":[{"embeddable":true,"href":"https:\/\/www.brunswickrealestate.com\/sv\/wp-json\/wp\/v2\/comments?post=5661"}],"version-history":[{"count":22,"href":"https:\/\/www.brunswickrealestate.com\/sv\/wp-json\/wp\/v2\/pages\/5661\/revisions"}],"predecessor-version":[{"id":7280,"href":"https:\/\/www.brunswickrealestate.com\/sv\/wp-json\/wp\/v2\/pages\/5661\/revisions\/7280"}],"wp:featuredmedia":[{"embeddable":true,"href":"https:\/\/www.brunswickrealestate.com\/sv\/wp-json\/wp\/v2\/media\/44"}],"wp:attachment":[{"href":"https:\/\/www.brunswickrealestate.com\/sv\/wp-json\/wp\/v2\/media?parent=5661"}],"curies":[{"name":"wp","href":"https:\/\/api.w.org\/{rel}","templated":true}]}}