{"id":5655,"date":"2023-03-23T08:48:25","date_gmt":"2023-03-23T08:48:25","guid":{"rendered":"https:\/\/www.brunswickrealestate.com\/investments\/"},"modified":"2024-09-16T13:45:27","modified_gmt":"2024-09-16T13:45:27","slug":"investeringar","status":"publish","type":"page","link":"https:\/\/www.brunswickrealestate.com\/sv\/investeringar\/","title":{"rendered":"V\u00e5ra Bolag"},"content":{"rendered":"<section id=\"secondary-page-header-block_5392b0bd7d070383a6f04a17339108a7\" class=\"block secondary-page-header bg-transparent m-b\" style=\"background-image: url(https:\/\/www.brunswickrealestate.com\/wp-content\/uploads\/2023\/03\/brunswick-test-scaled.jpg)\">\n\t<div class=\"container\">\n\t\t<div class=\"row\">\n\t\t\t<div class=\"row__col row__col--md-6\">\n\t\t\t\t<div class='title-container text-left '><h1 class='block__title h1  '>V\u00e5ra Bolag<\/h1><\/div>\n\t\t\t\t\t\t\t<\/div>\n\t\t<\/div>\n\t<\/div>\n<\/section>\n\n<section id=\"real-estate-companies-block_ab152f42b87b859279fb4e97832233a5\" class=\"block real-estate-companies bg-transparent m-b\">\n\t<div class=\"container\">\n\t\t\t\t\t<div class=\"row no-gutters\">\n\t\t\t\t\t\t\t\t\t\t\t\t\t\t<a href=\"https:\/\/www.brunswickrealestate.com\/sv\/companies\/lynea\/\" class=\"row__col row__col--xl-6 company\">\n\t\t\t\t\t\t<div class=\"company--inner\" style=\"background-color: #f94b5b;; color: ;; \">\n\t\t\t\t\t\t\t<div class=\"text\">\n\t\t\t\t\t\t\t\t<div class=\"title\">Lynea<i class=\"far fa-chevron-right\"><\/i><\/div>\n\t\t\t\t\t\t\t\t<div class=\"description\">Lynea \u00e4r ett bostadsbolag som \u00e4ger och f\u00f6rvaltar nyproducerade sm\u00e5hus som hyresr\u00e4tter i Storstockholm.<\/div>\n\t\t\t\t\t\t\t<\/div>\n\t\t\t\t\t\t<\/div>\n\t\t\t\t\t<\/a>\n\t\t\t\t\t\t\t\t\t\t\t\t\t\t<a href=\"https:\/\/www.brunswickrealestate.com\/sv\/companies\/lindu\/\" class=\"row__col row__col--xl-6 company\">\n\t\t\t\t\t\t<div class=\"company--inner\" style=\"background-color: #fbc04d;; color: ;; \">\n\t\t\t\t\t\t\t<div class=\"text\">\n\t\t\t\t\t\t\t\t<div class=\"title\">Lindu<i class=\"far fa-chevron-right\"><\/i><\/div>\n\t\t\t\t\t\t\t\t<div class=\"description\">Lindu fokuserar p\u00e5 last-mile fastigheter i Danmark. <\/div>\n\t\t\t\t\t\t\t<\/div>\n\t\t\t\t\t\t<\/div>\n\t\t\t\t\t<\/a>\n\t\t\t\t\t\t\t\t\t\t\t\t\t\t<a href=\"https:\/\/www.brunswickrealestate.com\/sv\/companies\/bohild\/\" class=\"row__col row__col--xl-6 company\">\n\t\t\t\t\t\t<div class=\"company--inner\" style=\"background-color: #FFAE9D;; color: #000000;; \">\n\t\t\t\t\t\t\t<div class=\"text\">\n\t\t\t\t\t\t\t\t<div class=\"title\">Bohild<i class=\"far fa-chevron-right\"><\/i><\/div>\n\t\t\t\t\t\t\t\t<div class=\"description\">Bohild \u00e4r en l\u00e5ngsiktig fastighets\u00e4gare med ett fokus p\u00e5 bost\u00e4der och samh\u00e4llsfastigheter i svenska tillv\u00e4xtst\u00e4der.\r\n<\/div>\n\t\t\t\t\t\t\t<\/div>\n\t\t\t\t\t\t<\/div>\n\t\t\t\t\t<\/a>\n\t\t\t\t\t\t\t\t\t\t\t\t\t\t<a href=\"https:\/\/www.brunswickrealestate.com\/sv\/companies\/fersen\/\" class=\"row__col row__col--xl-6 company\">\n\t\t\t\t\t\t<div class=\"company--inner\" style=\"background-color: #9bd0e0;; color: #000000;; \">\n\t\t\t\t\t\t\t<div class=\"text\">\n\t\t\t\t\t\t\t\t<div class=\"title\">Fersen<i class=\"far fa-chevron-right\"><\/i><\/div>\n\t\t\t\t\t\t\t\t<div class=\"description\">Fersen fokuserar p\u00e5 kommersiella fastigheter i Sverige, Finland och Estland\r\n<\/div>\n\t\t\t\t\t\t\t<\/div>\n\t\t\t\t\t\t<\/div>\n\t\t\t\t\t<\/a>\n\t\t\t\t\t\t\t\t\t\t\t\t\t\t<a href=\"https:\/\/www.brunswickrealestate.com\/sv\/companies\/enreal\/\" class=\"row__col row__col--xl-6 company\">\n\t\t\t\t\t\t<div class=\"company--inner\" style=\"background-color: #868686;; color: ;; \">\n\t\t\t\t\t\t\t<div class=\"text\">\n\t\t\t\t\t\t\t\t<div class=\"title\">Enreal<i class=\"far fa-chevron-right\"><\/i><\/div>\n\t\t\t\t\t\t\t\t<div class=\"description\">Enreal fokuserar p\u00e5 last-mile- och l\u00e4ttindustri\u00adfastigheter i Sveriges storst\u00e4der.<\/div>\n\t\t\t\t\t\t\t<\/div>\n\t\t\t\t\t\t<\/div>\n\t\t\t\t\t<\/a>\n\t\t\t\t\t\t\t\t\t\t\t\t\t\t<a href=\"https:\/\/www.brunswickrealestate.com\/sv\/companies\/sindi\/\" class=\"row__col row__col--xl-6 company\">\n\t\t\t\t\t\t<div class=\"company--inner\" style=\"background-color: #ccbeb0;; color: #000000;; \">\n\t\t\t\t\t\t\t<div class=\"text\">\n\t\t\t\t\t\t\t\t<div class=\"title\">SINDI<i class=\"far fa-chevron-right\"><\/i><\/div>\n\t\t\t\t\t\t\t\t<div class=\"description\">SINDI \u00e4r en digital plattform som m\u00e4ter, f\u00f6ljer upp och analyserar social h\u00e5llbarhet i fastighetsbranschen.<\/div>\n\t\t\t\t\t\t\t<\/div>\n\t\t\t\t\t\t<\/div>\n\t\t\t\t\t<\/a>\n\t\t\t\t\t\t\t<\/div>\n\t\t\t<\/div>\n<\/section>\n\n<section id=\"overlapping-image-and-text-block_578e1dda139711a47d1cccf428e649a1\" class=\"block overlapping-image-and-text bg-grey m-b p-t p-b\">\n\t<div class=\"container\">\n\t\t<div class=\"row row--center row--container image-left\">\n\t\t\t<div class=\"row__col row__col--md-6 content--container\">\n\t\t\t\t<div class='title-container text-left '><h2 class='block__title h1  '>V\u00e5r filosofi<\/h2><\/div>\t\t\t\t<div class=\"row\">\n\t\t\t\t\t<div class=\"row__col \">\n\t\t\t\t\t\t<div class=\"content\"><p>V\u00e4rdeskapande handlar inte bara om finansiell avkastning, utan ocks\u00e5 om den p\u00e5verkan vi har p\u00e5 v\u00e5r omv\u00e4rld. V\u00e5r grundfilosofi \u00e4r att fastigheterna ska vidareutvecklas under v\u00e5r f\u00f6rvaltning och leda till m\u00e4tbara f\u00f6rb\u00e4ttringar f\u00f6r m\u00e4nniska, milj\u00f6 och samh\u00e4lle.<\/p>\n<\/div>\t\t\t\t\t<\/div>\n\t\t\t\t<\/div>\n\n\t\t\t\t\t\t\t<\/div>\n\t\t\t<div class=\"row__col row__col--md-6 image\">\n\t\t\t\t\t\t\t\t\t<img loading=\"lazy\" decoding=\"async\" width=\"2560\" height=\"1557\" src=\"https:\/\/www.brunswickrealestate.com\/wp-content\/uploads\/2023\/04\/Investments_Philosophy_Tool_2-scaled.jpg\" class=\"attachment-full size-full\" alt=\"\" srcset=\"https:\/\/www.brunswickrealestate.com\/wp-content\/uploads\/2023\/04\/Investments_Philosophy_Tool_2-scaled.jpg 2560w, https:\/\/www.brunswickrealestate.com\/wp-content\/uploads\/2023\/04\/Investments_Philosophy_Tool_2-1536x934.jpg 1536w, https:\/\/www.brunswickrealestate.com\/wp-content\/uploads\/2023\/04\/Investments_Philosophy_Tool_2-2048x1245.jpg 2048w\" sizes=\"auto, (max-width: 2560px) 100vw, 2560px\" \/>\t\t\t\t\t\n\t\t\t<\/div>\n\t\t<\/div>\n\t<\/div>\n<\/section>\n\n<section id=\"overlapping-image-and-text-block_f09546b1988e6772b0d8fb92f4d3f1e8\" class=\"block overlapping-image-and-text bg-transparent m-b\">\n\t<div class=\"container\">\n\t\t<div class=\"row row--center row--container image-right\">\n\t\t\t<div class=\"row__col row__col--md-6 content--container\">\n\t\t\t\t<div class='title-container text-left '><h2 class='block__title h1  '>By Brunswick<\/h2><\/div>\t\t\t\t<div class=\"row\">\n\t\t\t\t\t<div class=\"row__col row__col--md-9\">\n\t\t\t\t\t\t<div class=\"content\"><p>By Brunswick bygger p\u00e5 tre perspektiv, v\u00e5rt s\u00e4tt att arbeta samt v\u00e5r roll som partner och arbetsgivare.<\/p>\n<p>Vi drivs av entrepren\u00f6rsskap. Tillsammans med v\u00e5ra kapitalpartners bygger vi oberoende investeringsplattformar baserat p\u00e5 konceptet &#8211; m\u00e4nniskan och platsen.<\/p>\n<p>Det \u00e4r s\u00e5 vi skapar \u201cMeaningful change. Measured impact\u201d.<\/p>\n<\/div>\t\t\t\t\t<\/div>\n\t\t\t\t<\/div>\n\n\t\t\t\t\t\t\t\t\t<a \n\t\t\t\t\t\thref=\"https:\/\/www.brunswickrealestate.com\/by-brunswick\/\" \n\t\t\t\t\t\tclass=\"btn btn-secondary\"\n\t\t\t\t\t\ttarget=\" _blank\"\n\t\t\t\t\t>By Brunswick\t\t\t\t<\/a>\n\t\t\t\t\t\t\t<\/div>\n\t\t\t<div class=\"row__col row__col--md-6 image\">\n\t\t\t\t\t\t\t\t\t<img loading=\"lazy\" decoding=\"async\" width=\"1973\" height=\"1448\" src=\"https:\/\/www.brunswickrealestate.com\/wp-content\/uploads\/2023\/04\/Society_1_Homepage_0.jpg\" class=\"attachment-full size-full\" alt=\"\" srcset=\"https:\/\/www.brunswickrealestate.com\/wp-content\/uploads\/2023\/04\/Society_1_Homepage_0.jpg 1973w, https:\/\/www.brunswickrealestate.com\/wp-content\/uploads\/2023\/04\/Society_1_Homepage_0-1536x1127.jpg 1536w\" sizes=\"auto, (max-width: 1973px) 100vw, 1973px\" \/>\t\t\t\t\t\n\t\t\t<\/div>\n\t\t<\/div>\n\t<\/div>\n<\/section>","protected":false},"excerpt":{"rendered":"","protected":false},"author":1,"featured_media":0,"parent":0,"menu_order":0,"comment_status":"closed","ping_status":"closed","template":"","meta":{"_acf_changed":false,"_seopress_robots_primary_cat":"","_seopress_titles_title":"","_seopress_titles_desc":"","_seopress_robots_index":"","inline_featured_image":false,"footnotes":""},"class_list":["post-5655","page","type-page","status-publish","hentry"],"acf":[],"_links":{"self":[{"href":"https:\/\/www.brunswickrealestate.com\/sv\/wp-json\/wp\/v2\/pages\/5655","targetHints":{"allow":["GET"]}}],"collection":[{"href":"https:\/\/www.brunswickrealestate.com\/sv\/wp-json\/wp\/v2\/pages"}],"about":[{"href":"https:\/\/www.brunswickrealestate.com\/sv\/wp-json\/wp\/v2\/types\/page"}],"author":[{"embeddable":true,"href":"https:\/\/www.brunswickrealestate.com\/sv\/wp-json\/wp\/v2\/users\/1"}],"replies":[{"embeddable":true,"href":"https:\/\/www.brunswickrealestate.com\/sv\/wp-json\/wp\/v2\/comments?post=5655"}],"version-history":[{"count":36,"href":"https:\/\/www.brunswickrealestate.com\/sv\/wp-json\/wp\/v2\/pages\/5655\/revisions"}],"predecessor-version":[{"id":7036,"href":"https:\/\/www.brunswickrealestate.com\/sv\/wp-json\/wp\/v2\/pages\/5655\/revisions\/7036"}],"wp:attachment":[{"href":"https:\/\/www.brunswickrealestate.com\/sv\/wp-json\/wp\/v2\/media?parent=5655"}],"curies":[{"name":"wp","href":"https:\/\/api.w.org\/{rel}","templated":true}]}}