{"id":5653,"date":"2023-04-05T09:40:38","date_gmt":"2023-04-05T09:40:38","guid":{"rendered":"https:\/\/www.brunswickrealestate.com\/by-brunswick\/"},"modified":"2025-04-14T19:47:51","modified_gmt":"2025-04-14T19:47:51","slug":"by-brunswick","status":"publish","type":"page","link":"https:\/\/www.brunswickrealestate.com\/sv\/by-brunswick\/","title":{"rendered":"By Brunswick"},"content":{"rendered":"<section id=\"secondary-page-header-block_bd0b2383dc10a5af2458426877692d92\" class=\"block secondary-page-header bg-transparent m-b\" style=\"background-image: url(https:\/\/www.brunswickrealestate.com\/wp-content\/uploads\/2023\/04\/careers2.jpg)\">\n\t<div class=\"container\">\n\t\t<div class=\"row\">\n\t\t\t<div class=\"row__col row__col--md-6\">\n\t\t\t\t<div class='title-container text-left '><h1 class='block__title h1  '>By Brunswick<\/h1><\/div>\n\t\t\t\t<div class=\"content\"><p><em>By Brunswick bygger p\u00e5 tre perspektiv, v\u00e5rt s\u00e4tt att arbeta, v\u00e5r roll som partner och oss som arbetsgivare.<\/em><\/p>\n<p>Vi drivs av entrepren\u00f6rsskap. Tillsammans med v\u00e5ra kapitalpartners bygger vi oberoende investeringsplattformar baserat p\u00e5 konceptet &#8211; m\u00e4nniskan och platsen.<\/p>\n<p>Det \u00e4r s\u00e5 vi skapar \u201cMeaningful change. Measured impact\u201d.<\/p>\n<\/div>\t\t\t<\/div>\n\t\t<\/div>\n\t<\/div>\n<\/section>\n\n<section id=\"triangle-block_5db9ce924840f750d46a31c431908e91\" class=\"block triangle bg-block-default m-b\">\n\t<div class=\"container\">\n\t\t<div class=\"row\">\n\t\t\t<div class=\"row__col\">\n\t\t\t\t\t\t\t<\/div>\n\t\t<\/div>\n\t\t<div class=\"row\">\n\t\t\t<div class=\"row__col\">\n\t\t\t\t<div class=\"squares-wrapper\">\n\t\t\t\t\t<div class=\"squares-wrapper--inner\">\n\t\t\t\t\t\t<div class=\"square square-purple\"\n\t\t\t\t\t\t     data-title=\"V\u00e5rt arbetss\u00e4tt\"\n\t\t\t\t\t\t     data-text=\"Tillsammans med v\u00e5ra kapitalpartners medinvesterar vi och bygger oberoende och \r\nh\u00e5llbara investeringsplattformar. Vi t\u00e4nker som investerare och \u00e4r snabbfotade n\u00e4r r\u00e4tt m\u00f6jligheter uppst\u00e5r. \"\n\t\t\t\t\t\t><\/div>\n\t\t\t\t\t\t<div class=\"square square-blue\"\n\t\t\t\t\t\t     data-title=\"Oss som arbetsgivare \"\n\t\t\t\t\t\t     data-text=\"Vi v\u00e4lkomnar bra ide\u00e9r och f\u00f6rslag oavsett vem de kommer ifr\u00e5n. Vi vill att alla ska k\u00e4nna sig trygga att v\u00e5ga t\u00e4nka sj\u00e4lvst\u00e4ndigt, utmana och v\u00e5ga lita p\u00e5 sin och kollegors analyser och instinkter. \"\n\t\t\t\t\t\t><\/div>\n\t\t\t\t\t\t<div class=\"square square-brown\"\n\t\t\t\t\t\t     data-title=\"Oss som samarbetspartner \"\n\t\t\t\t\t\t     data-text=\"Vi \u00e4r tillf\u00f6rlitliga och vi v\u00e5gar utmana v\u00e5ra partners baserade p\u00e5 datadriven erfarenhet  och expertis. Vi tar \u00e4gandeskap och behandlar alla v\u00e5ra investeringar som om de vore v\u00e5ra egna. \r\n\"\n\t\t\t\t\t\t><\/div>\n\t\t\t\t\t<\/div>\n\n\t\t\t\t\t\t\t\t\t\t\t<div class=\"square-text square-text--purple\">\n\t\t\t\t\t\t\t<div class=\"title-wrapper\">\n\t\t\t\t\t\t\t\t<p class=\"square-text-title\">V\u00e5rt arbetss\u00e4tt<\/p>\n\t\t\t\t\t\t\t<\/div>\n\t\t\t\t\t\t\t<div class=\"text-wrapper\">\n\t\t\t\t\t\t\t<p class=\"square-text-desc\">Tillsammans med v\u00e5ra kapitalpartners medinvesterar vi och bygger oberoende och \r\nh\u00e5llbara investeringsplattformar. Vi t\u00e4nker som investerare och \u00e4r snabbfotade n\u00e4r r\u00e4tt m\u00f6jligheter uppst\u00e5r. <\/p>\n\t\t\t\t\t\t\t<\/div>\n\t\t\t\t\t\t<\/div>\n\t\t\t\t\t\t\t\t\t\t\t\t\t\t\t\t<div class=\"square-text square-text--blue\">\n\t\t\t\t\t\t\t<div class=\"title-wrapper\">\n\t\t\t\t\t\t\t\t<p class=\"square-text-title\">Oss som arbetsgivare <\/p>\n\t\t\t\t\t\t\t<\/div>\n\t\t\t\t\t\t\t<div class=\"text-wrapper\">\n\t\t\t\t\t\t\t\t<p class=\"square-text-desc\">Vi v\u00e4lkomnar bra ide\u00e9r och f\u00f6rslag oavsett vem de kommer ifr\u00e5n. Vi vill att alla ska k\u00e4nna sig trygga att v\u00e5ga t\u00e4nka sj\u00e4lvst\u00e4ndigt, utmana och v\u00e5ga lita p\u00e5 sin och kollegors analyser och instinkter. <\/p>\n\t\t\t\t\t\t\t<\/div>\n\t\t\t\t\t\t<\/div>\n\t\t\t\t\t\t\t\t\t\t\t\t\t\t\t\t<div class=\"square-text square-text--brown\">\n\t\t\t\t\t\t\t<div class=\"title-wrapper\">\n\t\t\t\t\t\t\t\t<p class=\"square-text-title\">Oss som samarbetspartner <\/p>\n\t\t\t\t\t\t\t<\/div>\n\t\t\t\t\t\t\t<div class=\"text-wrapper\">\n\t\t\t\t\t\t\t\t<p class=\"square-text-desc\">Vi \u00e4r tillf\u00f6rlitliga och vi v\u00e5gar utmana v\u00e5ra partners baserade p\u00e5 datadriven erfarenhet  och expertis. Vi tar \u00e4gandeskap och behandlar alla v\u00e5ra investeringar som om de vore v\u00e5ra egna. \r\n<\/p>\n\t\t\t\t\t\t\t<\/div>\n\t\t\t\t\t\t<\/div>\n\t\t\t\t\t\t\t\t\t<\/div>\n\t\t\t<\/div>\n\t\t<\/div>\n\t\t<div class=\"row mobile-desc\">\n\t\t\t<div class=\"row__col \">\n\t\t\t\t<div class=\"text-wrapper inactive\">\n\t\t\t\t\t<p class=\"title\"><\/p>\n\t\t\t\t\t<p class=\"desc\"><\/p>\n\t\t\t\t<\/div>\n\t\t\t<\/div>\n\t\t<\/div>\n\t<\/div>\n<\/section>\n\n<section id=\"text-and-media-block_a1f95908df18bddc7ef0e1c6d93cfb25\" class=\"block text-and-media bg-transparent m-b\">\n\t<div class=\"container\">\n\t\t<div class=\"row\">\n\t\t\t<div class=\"row__col row__col--xl-6\">\n\t\t\t\t\t\t\t\t<div class=\"row no-gutters\">\n\t\t\t\t\t<div class=\"row__col row__col--md-10\">\n\t\t\t\t\t\t<div class=\"content\"><p>&nbsp;<\/p>\n<p>&nbsp;<\/p>\n<p><em>&#8221;What is By Brunswick, what is our DNA? Well it is how we work, our way of working. It is how we are as a partner, how do we relate to the third party companies that we work with and lastly and most importantly, how do we relate to each other at Brunswick and who are we as an employer.&#8221;<\/em><\/p>\n<p>&nbsp;<\/p>\n<p>&#8211; Patrik Andersson, VD, Brunswick Real Estate<\/p>\n<\/div>\t\t\t\t\t<\/div>\n\t\t\t\t<\/div>\n\t\t\t\t\n\t\t\t<\/div>\n\t\t\t<div class=\"row__col row__col--xl-6\">\n\t\t\t\t\t\n\t\t\t\t\t\n\t\t\t\t\t\t<div class=\"video-container\">\n\t\t\t\t\t\t\t<img loading=\"lazy\" decoding=\"async\" width=\"2078\" height=\"1179\" src=\"https:\/\/www.brunswickrealestate.com\/wp-content\/uploads\/2023\/06\/Patrik-Andersson.jpg\" class=\"placeholder-image\" alt=\"\" srcset=\"https:\/\/www.brunswickrealestate.com\/wp-content\/uploads\/2023\/06\/Patrik-Andersson.jpg 2078w, https:\/\/www.brunswickrealestate.com\/wp-content\/uploads\/2023\/06\/Patrik-Andersson-1536x871.jpg 1536w, https:\/\/www.brunswickrealestate.com\/wp-content\/uploads\/2023\/06\/Patrik-Andersson-2048x1162.jpg 2048w\" sizes=\"auto, (max-width: 2078px) 100vw, 2078px\" \/>\t\t\t\t\t\t\t<i class=\"fas fa-play-circle\"><\/i>\n                                                        <div class=\"vimeo-video hidden\">\n                                <iframe loading=\"lazy\" title=\"By Brunswick\" src=\"https:\/\/player.vimeo.com\/video\/831474633?dnt=1&amp;app_id=122963\" width=\"640\" height=\"360\" frameborder=\"0\" allow=\"autoplay; fullscreen; picture-in-picture; clipboard-write; encrypted-media; web-share\" referrerpolicy=\"strict-origin-when-cross-origin\"><\/iframe>                            <\/div>\n                            \t\n\t\t\t\t\t\t<\/div>\n\t\t\t\t\t\t\n\t\t\t\t\t\n\t\t\t<\/div>\n\t\t<\/div>\n\t<\/div>\n<\/section>\n\n<section id=\"highlighted-text-block_6be21abfaf4f6fb28b30fa9596b14528\" class=\"block highlighted-text bg-transparent m-b\">\n\t<div class=\"container\">\n\t\t<div class=\"row\">\n\t\t\t<div class=\"row__col\">\n\t\t\t\t<p>Tillsammans med v\u00e5ra kapitalpartners medinvesterar vi och bygger oberoende och h\u00e5llbara investeringsplattformar. <br \/>\r\n<\/p>\t\t\t<\/div>\n\t\t<\/div>\n\t<\/div>\n<\/section>\n\n<section id=\"key-contact-block_a52983ea52c2703786a5af4df93124a5\" class=\"block key-contact bg-transparent m-b p-t\">\n\t<div class=\"container\">\n\t\t<div class=\"row\">\n\t\t\t<div class=\"row__col row__col--xl-6\">\n\t\t\t\t<div class='title-container text-left '><h2 class='block__title h2  '>Vill du veta mer? <\/h2><\/div>\n\t\t\t\t<p class=\"content\">P\u00e5 Brunswick str\u00e4var vi alltid efter att bredda v\u00e5ra n\u00e4tverk. Kanske sitter du p\u00e5 en bra id\u00e9 vi kan utveckla tillsammans? H\u00f6r av dig! <br \/>\r\n<\/p>\t\t\t<\/div>\n\n\t\t\t<div class=\"row__col row__col--xl-6\">\n\t\t\t\t\t\t\t\t\t<div class=\"contact row no-gutters\">\n\t\t\t\t\t\t\t\t\t\t\t\t<div class=\"row__col row__col--md-2 row__col--push-1 image\"><img loading=\"lazy\" decoding=\"async\" width=\"150\" height=\"150\" src=\"https:\/\/www.brunswickrealestate.com\/wp-content\/uploads\/2023\/04\/DSC_4532-150x150.jpg\" class=\"attachment-thumbnail size-thumbnail\" alt=\"\" srcset=\"https:\/\/www.brunswickrealestate.com\/wp-content\/uploads\/2023\/04\/DSC_4532-150x150.jpg 150w, https:\/\/www.brunswickrealestate.com\/wp-content\/uploads\/2023\/04\/DSC_4532-1536x1536.jpg 1536w, https:\/\/www.brunswickrealestate.com\/wp-content\/uploads\/2023\/04\/DSC_4532-2048x2048.jpg 2048w\" sizes=\"auto, (max-width: 150px) 100vw, 150px\" \/><\/div>\n\t\t\t\t\t\t<div class=\"row__col row__col--md-8 about\">\n\t\t\t\t\t\t\t<span class=\"name\">Patrik Andersson<\/span>\n\t\t\t\t\t\t\t<span class=\"job\">Partner &#038; Group CEO<\/span>\n\t\t\t\t\t\t\t<span class=\"email\"><a href=\"mailto:patrik.andersson@brunswickrealestate.com\">patrik.andersson@brunswickrealestate.com<\/a><\/span>\n\t\t\t\t\t\t\t<span class=\"phone\"><a href=\"tel:+46 76 871 00 22\">+46 76 871 00 22<\/a><\/span>\n\t\t\t\t\t\t<\/div>\n\t\t\t\t\t<\/div>\n\t\t\t\t\t\n\t\t\t<\/div>\n\t\t<\/div>\n\t<\/div>\n<\/section>","protected":false},"excerpt":{"rendered":"","protected":false},"author":1,"featured_media":0,"parent":0,"menu_order":0,"comment_status":"closed","ping_status":"closed","template":"","meta":{"_acf_changed":false,"_seopress_robots_primary_cat":"","_seopress_titles_title":"","_seopress_titles_desc":"","_seopress_robots_index":"","inline_featured_image":false,"footnotes":""},"class_list":["post-5653","page","type-page","status-publish","hentry"],"acf":[],"_links":{"self":[{"href":"https:\/\/www.brunswickrealestate.com\/sv\/wp-json\/wp\/v2\/pages\/5653","targetHints":{"allow":["GET"]}}],"collection":[{"href":"https:\/\/www.brunswickrealestate.com\/sv\/wp-json\/wp\/v2\/pages"}],"about":[{"href":"https:\/\/www.brunswickrealestate.com\/sv\/wp-json\/wp\/v2\/types\/page"}],"author":[{"embeddable":true,"href":"https:\/\/www.brunswickrealestate.com\/sv\/wp-json\/wp\/v2\/users\/1"}],"replies":[{"embeddable":true,"href":"https:\/\/www.brunswickrealestate.com\/sv\/wp-json\/wp\/v2\/comments?post=5653"}],"version-history":[{"count":136,"href":"https:\/\/www.brunswickrealestate.com\/sv\/wp-json\/wp\/v2\/pages\/5653\/revisions"}],"predecessor-version":[{"id":7199,"href":"https:\/\/www.brunswickrealestate.com\/sv\/wp-json\/wp\/v2\/pages\/5653\/revisions\/7199"}],"wp:attachment":[{"href":"https:\/\/www.brunswickrealestate.com\/sv\/wp-json\/wp\/v2\/media?parent=5653"}],"curies":[{"name":"wp","href":"https:\/\/api.w.org\/{rel}","templated":true}]}}